{"id":23,"date":"2026-04-15T00:25:19","date_gmt":"2026-04-14T22:25:19","guid":{"rendered":"https:\/\/physio.goetz.sg\/?page_id=23"},"modified":"2026-04-15T00:25:19","modified_gmt":"2026-04-14T22:25:19","slug":"ueber-mich","status":"publish","type":"page","link":"https:\/\/physio.goetz.sg\/?page_id=23","title":{"rendered":"\u00dcber mich"},"content":{"rendered":"\n<h1 class=\"wp-block-heading has-text-color\" style=\"color:#2C6E6A\">\u00dcber mich: [Dein Vorname] [Dein Nachname]<\/h1>\n\n\n\n<div style=\"height:20px\" aria-hidden=\"true\" class=\"wp-block-spacer\"><\/div>\n\n\n\n<p class=\"has-text-color\" style=\"color:#333333\">Meine Leidenschaft f\u00fcr den menschlichen K\u00f6rper und seine komplexen Zusammenh\u00e4nge treibt mich seit Beginn meiner Ausbildung an. Nach meinem Studium\/dipl. Abschluss in Physiotherapie [Jahr einf\u00fcgen] habe ich meine Expertise durch eine fundierte Ausbildung in Osteopathie [Jahr einf\u00fcgen] erweitert.<\/p>\n\n\n\n<p class=\"has-text-color\" style=\"color:#333333\">Mir ist es wichtig, dass Sie sich in meiner Praxis in Herisau nicht wie &#171;eine Nummer&#187; f\u00fchlen. Durch die Einzelpraxis kann ich den Behandlungsraum vollst\u00e4ndig auf Sie einstellen. Ich arbeite evidenzbasiert, h\u00f6re aber stets auf das, was Ihr K\u00f6rper mir sagt.<\/p>\n\n\n\n<p><em>[Hier Platzhalter f\u00fcr Diplome\/Zertifikate als Bilder einf\u00fcgen]<\/em><\/p>\n","protected":false},"excerpt":{"rendered":"<p>\u00dcber mich: [Dein Vorname] [Dein Nachname] Meine Leidenschaft f\u00fcr den menschlichen K\u00f6rper und seine komplexen Zusammenh\u00e4nge treibt mich seit Beginn meiner Ausbildung an. Nach meinem Studium\/dipl. Abschluss in Physiotherapie [Jahr einf\u00fcgen] habe ich meine Expertise durch eine fundierte Ausbildung in Osteopathie [Jahr einf\u00fcgen] erweitert. Mir ist es wichtig, dass Sie sich in meiner Praxis in&#8230;<\/p>\n","protected":false},"author":1,"featured_media":0,"parent":0,"menu_order":0,"comment_status":"closed","ping_status":"closed","template":"","meta":{"_kad_post_transparent":"","_kad_post_title":"","_kad_post_layout":"","_kad_post_sidebar_id":"","_kad_post_content_style":"","_kad_post_vertical_padding":"","_kad_post_feature":"","_kad_post_feature_position":"","_kad_post_header":false,"_kad_post_footer":false,"_kad_post_classname":"","footnotes":""},"class_list":["post-23","page","type-page","status-publish","hentry"],"_links":{"self":[{"href":"https:\/\/physio.goetz.sg\/index.php?rest_route=\/wp\/v2\/pages\/23","targetHints":{"allow":["GET"]}}],"collection":[{"href":"https:\/\/physio.goetz.sg\/index.php?rest_route=\/wp\/v2\/pages"}],"about":[{"href":"https:\/\/physio.goetz.sg\/index.php?rest_route=\/wp\/v2\/types\/page"}],"author":[{"embeddable":true,"href":"https:\/\/physio.goetz.sg\/index.php?rest_route=\/wp\/v2\/users\/1"}],"replies":[{"embeddable":true,"href":"https:\/\/physio.goetz.sg\/index.php?rest_route=%2Fwp%2Fv2%2Fcomments&post=23"}],"version-history":[{"count":1,"href":"https:\/\/physio.goetz.sg\/index.php?rest_route=\/wp\/v2\/pages\/23\/revisions"}],"predecessor-version":[{"id":24,"href":"https:\/\/physio.goetz.sg\/index.php?rest_route=\/wp\/v2\/pages\/23\/revisions\/24"}],"wp:attachment":[{"href":"https:\/\/physio.goetz.sg\/index.php?rest_route=%2Fwp%2Fv2%2Fmedia&parent=23"}],"curies":[{"name":"wp","href":"https:\/\/api.w.org\/{rel}","templated":true}]}}